{"id":2,"date":"2019-11-07T10:20:08","date_gmt":"2019-11-07T09:20:08","guid":{"rendered":"https:\/\/neptron.se\/?page_id=2"},"modified":"2024-11-21T10:42:26","modified_gmt":"2024-11-21T09:42:26","slug":"home","status":"publish","type":"page","link":"https:\/\/neptron.se\/es\/","title":{"rendered":"inneh\u00e5ll"},"content":{"rendered":"<h1 class=\"wp-block-heading has-custom-transform has-custom-letterspacing\" style=\"font-size:41px;letter-spacing:1.6px;text-transform:initial\"><span class=\"uppercase\"><strong>Nosotros nos encargamos, desde la salida hasta la meta<\/strong><\/span><\/h1>\n\n\n\n<pre class=\"wp-block-preformatted\" style=\"font-size:28px\"><strong>La m\u00e1s completa soluci\u00f3n en cronometraje<\/strong><\/pre>\n\n\n\n<p class=\"wp-block-paragraph\"><\/p>","protected":false},"excerpt":{"rendered":"<p>Vi tar ansvar fr\u00e5n start till resultat Din helhetsl\u00f6sning inom tidtagning<\/p>","protected":false},"author":174690214,"featured_media":3183,"parent":0,"menu_order":1,"comment_status":"closed","ping_status":"closed","template":"","meta":{"_coblocks_attr":"Open SansOpen SansUbuntu,,,Arial,Open Sans","_coblocks_dimensions":"","_coblocks_responsive_height":"","_coblocks_accordion_ie_support":"","_crdt_document":"","footnotes":""},"tags":[],"class_list":["post-2","page","type-page","status-publish","has-post-thumbnail","hentry"],"yoast_head":"<!-- This site is optimized with the Yoast SEO plugin v27.4 - https:\/\/yoast.com\/product\/yoast-seo-wordpress\/ -->\n<title>inneh\u00e5ll - Neptron<\/title>\n<meta name=\"robots\" content=\"index, follow, max-snippet:-1, max-image-preview:large, max-video-preview:-1\" \/>\n<link rel=\"canonical\" href=\"https:\/\/neptron.se\/es\/\" \/>\n<meta property=\"og:locale\" content=\"es_ES\" \/>\n<meta property=\"og:type\" content=\"article\" \/>\n<meta property=\"og:title\" content=\"inneh\u00e5ll - Neptron\" \/>\n<meta property=\"og:description\" content=\"Vi tar ansvar fr\u00e5n start till resultat Din helhetsl\u00f6sning inom tidtagning\" \/>\n<meta property=\"og:url\" content=\"https:\/\/neptron.se\/es\/\" \/>\n<meta property=\"og:site_name\" content=\"Neptron\" \/>\n<meta property=\"article:publisher\" content=\"https:\/\/www.facebook.com\/neptronab\" \/>\n<meta property=\"article:modified_time\" content=\"2024-11-21T09:42:26+00:00\" \/>\n<meta property=\"og:image\" content=\"https:\/\/neptron.se\/wp-content\/uploads\/2024\/11\/DSC_0773-redigerad-1024x678.jpg\" \/>\n\t<meta property=\"og:image:width\" content=\"1024\" \/>\n\t<meta property=\"og:image:height\" content=\"678\" \/>\n\t<meta property=\"og:image:type\" content=\"image\/jpeg\" \/>\n<meta name=\"twitter:card\" content=\"summary_large_image\" \/>\n<meta name=\"twitter:label1\" content=\"Tiempo de lectura\" \/>\n\t<meta name=\"twitter:data1\" content=\"1 minuto\" \/>\n<script type=\"application\/ld+json\" class=\"yoast-schema-graph\">{\"@context\":\"https:\\\/\\\/schema.org\",\"@graph\":[{\"@type\":\"WebPage\",\"@id\":\"https:\\\/\\\/neptron.se\\\/\",\"url\":\"https:\\\/\\\/neptron.se\\\/\",\"name\":\"inneh\u00e5ll - Neptron\",\"isPartOf\":{\"@id\":\"https:\\\/\\\/neptron.se\\\/#website\"},\"primaryImageOfPage\":{\"@id\":\"https:\\\/\\\/neptron.se\\\/#primaryimage\"},\"image\":{\"@id\":\"https:\\\/\\\/neptron.se\\\/#primaryimage\"},\"thumbnailUrl\":\"https:\\\/\\\/i0.wp.com\\\/neptron.se\\\/wp-content\\\/uploads\\\/2024\\\/11\\\/DSC_0773-redigerad.jpg?fit=4928%2C3264&ssl=1\",\"datePublished\":\"2019-11-07T09:20:08+00:00\",\"dateModified\":\"2024-11-21T09:42:26+00:00\",\"breadcrumb\":{\"@id\":\"https:\\\/\\\/neptron.se\\\/#breadcrumb\"},\"inLanguage\":\"es\",\"potentialAction\":[{\"@type\":\"ReadAction\",\"target\":[\"https:\\\/\\\/neptron.se\\\/\"]}]},{\"@type\":\"ImageObject\",\"inLanguage\":\"es\",\"@id\":\"https:\\\/\\\/neptron.se\\\/#primaryimage\",\"url\":\"https:\\\/\\\/i0.wp.com\\\/neptron.se\\\/wp-content\\\/uploads\\\/2024\\\/11\\\/DSC_0773-redigerad.jpg?fit=4928%2C3264&ssl=1\",\"contentUrl\":\"https:\\\/\\\/i0.wp.com\\\/neptron.se\\\/wp-content\\\/uploads\\\/2024\\\/11\\\/DSC_0773-redigerad.jpg?fit=4928%2C3264&ssl=1\",\"width\":4928,\"height\":3264},{\"@type\":\"BreadcrumbList\",\"@id\":\"https:\\\/\\\/neptron.se\\\/#breadcrumb\",\"itemListElement\":[{\"@type\":\"ListItem\",\"position\":1,\"name\":\"Hem\",\"item\":\"https:\\\/\\\/neptron.se\\\/\"},{\"@type\":\"ListItem\",\"position\":2,\"name\":\"inneh\u00e5ll\"}]},{\"@type\":\"WebSite\",\"@id\":\"https:\\\/\\\/neptron.se\\\/#website\",\"url\":\"https:\\\/\\\/neptron.se\\\/\",\"name\":\"Neptron\",\"description\":\"\",\"publisher\":{\"@id\":\"https:\\\/\\\/neptron.se\\\/#organization\"},\"potentialAction\":[{\"@type\":\"SearchAction\",\"target\":{\"@type\":\"EntryPoint\",\"urlTemplate\":\"https:\\\/\\\/neptron.se\\\/?s={search_term_string}\"},\"query-input\":{\"@type\":\"PropertyValueSpecification\",\"valueRequired\":true,\"valueName\":\"search_term_string\"}}],\"inLanguage\":\"es\"},{\"@type\":\"Organization\",\"@id\":\"https:\\\/\\\/neptron.se\\\/#organization\",\"name\":\"Neptron\",\"url\":\"https:\\\/\\\/neptron.se\\\/\",\"logo\":{\"@type\":\"ImageObject\",\"inLanguage\":\"es\",\"@id\":\"https:\\\/\\\/neptron.se\\\/#\\\/schema\\\/logo\\\/image\\\/\",\"url\":\"https:\\\/\\\/i0.wp.com\\\/neptron.se\\\/wp-content\\\/uploads\\\/2023\\\/12\\\/Neptronlogga-Oval-Since-2001-Svart.png?fit=5232%2C1519&ssl=1\",\"contentUrl\":\"https:\\\/\\\/i0.wp.com\\\/neptron.se\\\/wp-content\\\/uploads\\\/2023\\\/12\\\/Neptronlogga-Oval-Since-2001-Svart.png?fit=5232%2C1519&ssl=1\",\"width\":5232,\"height\":1519,\"caption\":\"Neptron\"},\"image\":{\"@id\":\"https:\\\/\\\/neptron.se\\\/#\\\/schema\\\/logo\\\/image\\\/\"},\"sameAs\":[\"https:\\\/\\\/www.facebook.com\\\/neptronab\"]}]}<\/script>\n<!-- \/ Yoast SEO plugin. -->","yoast_head_json":{"title":"inneh\u00e5ll - Neptron","robots":{"index":"index","follow":"follow","max-snippet":"max-snippet:-1","max-image-preview":"max-image-preview:large","max-video-preview":"max-video-preview:-1"},"canonical":"https:\/\/neptron.se\/es\/","og_locale":"es_ES","og_type":"article","og_title":"inneh\u00e5ll - Neptron","og_description":"Vi tar ansvar fr\u00e5n start till resultat Din helhetsl\u00f6sning inom tidtagning","og_url":"https:\/\/neptron.se\/es\/","og_site_name":"Neptron","article_publisher":"https:\/\/www.facebook.com\/neptronab","article_modified_time":"2024-11-21T09:42:26+00:00","og_image":[{"width":1024,"height":678,"url":"https:\/\/neptron.se\/wp-content\/uploads\/2024\/11\/DSC_0773-redigerad-1024x678.jpg","type":"image\/jpeg"}],"twitter_card":"summary_large_image","twitter_misc":{"Tiempo de lectura":"1 minuto"},"schema":{"@context":"https:\/\/schema.org","@graph":[{"@type":"WebPage","@id":"https:\/\/neptron.se\/","url":"https:\/\/neptron.se\/","name":"inneh\u00e5ll - Neptron","isPartOf":{"@id":"https:\/\/neptron.se\/#website"},"primaryImageOfPage":{"@id":"https:\/\/neptron.se\/#primaryimage"},"image":{"@id":"https:\/\/neptron.se\/#primaryimage"},"thumbnailUrl":"https:\/\/i0.wp.com\/neptron.se\/wp-content\/uploads\/2024\/11\/DSC_0773-redigerad.jpg?fit=4928%2C3264&ssl=1","datePublished":"2019-11-07T09:20:08+00:00","dateModified":"2024-11-21T09:42:26+00:00","breadcrumb":{"@id":"https:\/\/neptron.se\/#breadcrumb"},"inLanguage":"es","potentialAction":[{"@type":"ReadAction","target":["https:\/\/neptron.se\/"]}]},{"@type":"ImageObject","inLanguage":"es","@id":"https:\/\/neptron.se\/#primaryimage","url":"https:\/\/i0.wp.com\/neptron.se\/wp-content\/uploads\/2024\/11\/DSC_0773-redigerad.jpg?fit=4928%2C3264&ssl=1","contentUrl":"https:\/\/i0.wp.com\/neptron.se\/wp-content\/uploads\/2024\/11\/DSC_0773-redigerad.jpg?fit=4928%2C3264&ssl=1","width":4928,"height":3264},{"@type":"BreadcrumbList","@id":"https:\/\/neptron.se\/#breadcrumb","itemListElement":[{"@type":"ListItem","position":1,"name":"Hem","item":"https:\/\/neptron.se\/"},{"@type":"ListItem","position":2,"name":"inneh\u00e5ll"}]},{"@type":"WebSite","@id":"https:\/\/neptron.se\/#website","url":"https:\/\/neptron.se\/","name":"Neptron","description":"","publisher":{"@id":"https:\/\/neptron.se\/#organization"},"potentialAction":[{"@type":"SearchAction","target":{"@type":"EntryPoint","urlTemplate":"https:\/\/neptron.se\/?s={search_term_string}"},"query-input":{"@type":"PropertyValueSpecification","valueRequired":true,"valueName":"search_term_string"}}],"inLanguage":"es"},{"@type":"Organization","@id":"https:\/\/neptron.se\/#organization","name":"Neptron","url":"https:\/\/neptron.se\/","logo":{"@type":"ImageObject","inLanguage":"es","@id":"https:\/\/neptron.se\/#\/schema\/logo\/image\/","url":"https:\/\/i0.wp.com\/neptron.se\/wp-content\/uploads\/2023\/12\/Neptronlogga-Oval-Since-2001-Svart.png?fit=5232%2C1519&ssl=1","contentUrl":"https:\/\/i0.wp.com\/neptron.se\/wp-content\/uploads\/2023\/12\/Neptronlogga-Oval-Since-2001-Svart.png?fit=5232%2C1519&ssl=1","width":5232,"height":1519,"caption":"Neptron"},"image":{"@id":"https:\/\/neptron.se\/#\/schema\/logo\/image\/"},"sameAs":["https:\/\/www.facebook.com\/neptronab"]}]}},"jetpack_likes_enabled":null,"jetpack_sharing_enabled":false,"jetpack_shortlink":"https:\/\/wp.me\/Pbr9ha-2","_links":{"self":[{"href":"https:\/\/neptron.se\/es\/wp-json\/wp\/v2\/pages\/2","targetHints":{"allow":["GET"]}}],"collection":[{"href":"https:\/\/neptron.se\/es\/wp-json\/wp\/v2\/pages"}],"about":[{"href":"https:\/\/neptron.se\/es\/wp-json\/wp\/v2\/types\/page"}],"author":[{"embeddable":true,"href":"https:\/\/neptron.se\/es\/wp-json\/wp\/v2\/users\/174690214"}],"replies":[{"embeddable":true,"href":"https:\/\/neptron.se\/es\/wp-json\/wp\/v2\/comments?post=2"}],"version-history":[{"count":46,"href":"https:\/\/neptron.se\/es\/wp-json\/wp\/v2\/pages\/2\/revisions"}],"predecessor-version":[{"id":3199,"href":"https:\/\/neptron.se\/es\/wp-json\/wp\/v2\/pages\/2\/revisions\/3199"}],"wp:featuredmedia":[{"embeddable":true,"href":"https:\/\/neptron.se\/es\/wp-json\/wp\/v2\/media\/3183"}],"wp:attachment":[{"href":"https:\/\/neptron.se\/es\/wp-json\/wp\/v2\/media?parent=2"}],"wp:term":[{"taxonomy":"post_tag","embeddable":true,"href":"https:\/\/neptron.se\/es\/wp-json\/wp\/v2\/tags?post=2"}],"curies":[{"name":"wp","href":"https:\/\/api.w.org\/{rel}","templated":true}]}}