{"id":60,"date":"2019-11-07T11:10:49","date_gmt":"2019-11-07T10:10:49","guid":{"rendered":"https:\/\/neptron.se\/?page_id=60"},"modified":"2024-03-22T13:26:33","modified_gmt":"2024-03-22T12:26:33","slug":"kontakta-oss","status":"publish","type":"page","link":"https:\/\/neptron.se\/es\/kontakta-oss\/","title":{"rendered":"CONTACTANOS"},"content":{"rendered":"<div class=\"wp-block-jetpack-contact-info\">\n<p class=\"has-medium-font-size wp-block-paragraph\">\u00bfTienes dudas? Cu\u00e9ntanos como te podemos ayudar<\/p>\n\n\n\n<div class=\"wp-block-jetpack-phone\"><span class=\"phone-prefix\">Ring: <\/span><a href=\"tel:0854495020\">08-544 950 20<\/a><\/div>\n\n\n\n<div class=\"wp-block-jetpack-email\">Maila: <a href=\"mailto:support@neptron.se\">support@neptron.se<\/a>\n<\/div>\n\n\n\n<p class=\"wp-block-paragraph\"><\/p>\n\n\n\n<p class=\"wp-block-paragraph\"><strong>Oficina Suecia<\/strong><br>Neptron AB<br>Enebybergsv\u00e4gen 10A, 1tr<br>182 36 Danderyd<br><br><strong>Kontor H\u00f6\u00f6r<\/strong><br>Neptron AB<br>B\u00f6kestorp 1 <br>243 93 H\u00f6\u00f6r<br><br><em>\u00d6ppettider: Vardagar 9:00 &#8211; 16:00, lunchst\u00e4ngt 12:00 &#8211; 13:00. <\/em><\/p>\n\n\n\n<p class=\"wp-block-paragraph\">Avvikande \u00f6ppetttider vid h\u00f6gtidsdagar<\/p>\n\n\n\n<div style=\"height:20px\" aria-hidden=\"true\" class=\"wp-block-spacer\"><\/div>\n\n\n\n<p class=\"has-medium-font-size wp-block-paragraph\">\u00bfQuieres que te contactemos? Rellene el siguiente formulario.<\/p>\n<\/div>\n\n\n<div class=\"wp-block-jetpack-contact-form is-layout-flex wp-container-jetpack-contact-form-is-layout-7f6ac06e wp-block-jetpack-contact-form-is-layout-flex\"><a href=\"https:\/\/neptron.se\/es\/kontakta-oss\/\" target=\"_blank\" rel=\"noopener noreferrer\">Env\u00eda un formulario.<\/a><\/div>","protected":false},"excerpt":{"rendered":"","protected":false},"author":174690214,"featured_media":0,"parent":0,"menu_order":0,"comment_status":"closed","ping_status":"closed","template":"","meta":{"_coblocks_attr":"","_coblocks_dimensions":"","_coblocks_responsive_height":"","_coblocks_accordion_ie_support":"","_crdt_document":"","footnotes":""},"tags":[],"class_list":["post-60","page","type-page","status-publish","hentry"],"yoast_head":"<!-- This site is optimized with the Yoast SEO plugin v27.4 - https:\/\/yoast.com\/product\/yoast-seo-wordpress\/ -->\n<title>Kontakta oss - Neptron<\/title>\n<meta name=\"robots\" content=\"index, follow, max-snippet:-1, max-image-preview:large, max-video-preview:-1\" \/>\n<link rel=\"canonical\" href=\"https:\/\/neptron.se\/es\/kontakta-oss\/\" \/>\n<meta property=\"og:locale\" content=\"es_ES\" \/>\n<meta property=\"og:type\" content=\"article\" \/>\n<meta property=\"og:title\" content=\"Kontakta oss - Neptron\" \/>\n<meta property=\"og:url\" content=\"https:\/\/neptron.se\/es\/kontakta-oss\/\" \/>\n<meta property=\"og:site_name\" content=\"Neptron\" \/>\n<meta property=\"article:publisher\" content=\"https:\/\/www.facebook.com\/neptronab\" \/>\n<meta property=\"article:modified_time\" content=\"2024-03-22T12:26:33+00:00\" \/>\n<meta name=\"twitter:card\" content=\"summary_large_image\" \/>\n<script type=\"application\/ld+json\" class=\"yoast-schema-graph\">{\"@context\":\"https:\\\/\\\/schema.org\",\"@graph\":[{\"@type\":\"WebPage\",\"@id\":\"https:\\\/\\\/neptron.se\\\/kontakta-oss\\\/\",\"url\":\"https:\\\/\\\/neptron.se\\\/kontakta-oss\\\/\",\"name\":\"Kontakta oss - Neptron\",\"isPartOf\":{\"@id\":\"https:\\\/\\\/neptron.se\\\/#website\"},\"datePublished\":\"2019-11-07T10:10:49+00:00\",\"dateModified\":\"2024-03-22T12:26:33+00:00\",\"breadcrumb\":{\"@id\":\"https:\\\/\\\/neptron.se\\\/kontakta-oss\\\/#breadcrumb\"},\"inLanguage\":\"es\",\"potentialAction\":[{\"@type\":\"ReadAction\",\"target\":[\"https:\\\/\\\/neptron.se\\\/kontakta-oss\\\/\"]}]},{\"@type\":\"BreadcrumbList\",\"@id\":\"https:\\\/\\\/neptron.se\\\/kontakta-oss\\\/#breadcrumb\",\"itemListElement\":[{\"@type\":\"ListItem\",\"position\":1,\"name\":\"Hem\",\"item\":\"https:\\\/\\\/neptron.se\\\/\"},{\"@type\":\"ListItem\",\"position\":2,\"name\":\"Kontakta oss\"}]},{\"@type\":\"WebSite\",\"@id\":\"https:\\\/\\\/neptron.se\\\/#website\",\"url\":\"https:\\\/\\\/neptron.se\\\/\",\"name\":\"Neptron\",\"description\":\"\",\"publisher\":{\"@id\":\"https:\\\/\\\/neptron.se\\\/#organization\"},\"potentialAction\":[{\"@type\":\"SearchAction\",\"target\":{\"@type\":\"EntryPoint\",\"urlTemplate\":\"https:\\\/\\\/neptron.se\\\/?s={search_term_string}\"},\"query-input\":{\"@type\":\"PropertyValueSpecification\",\"valueRequired\":true,\"valueName\":\"search_term_string\"}}],\"inLanguage\":\"es\"},{\"@type\":\"Organization\",\"@id\":\"https:\\\/\\\/neptron.se\\\/#organization\",\"name\":\"Neptron\",\"url\":\"https:\\\/\\\/neptron.se\\\/\",\"logo\":{\"@type\":\"ImageObject\",\"inLanguage\":\"es\",\"@id\":\"https:\\\/\\\/neptron.se\\\/#\\\/schema\\\/logo\\\/image\\\/\",\"url\":\"https:\\\/\\\/i0.wp.com\\\/neptron.se\\\/wp-content\\\/uploads\\\/2023\\\/12\\\/Neptronlogga-Oval-Since-2001-Svart.png?fit=5232%2C1519&ssl=1\",\"contentUrl\":\"https:\\\/\\\/i0.wp.com\\\/neptron.se\\\/wp-content\\\/uploads\\\/2023\\\/12\\\/Neptronlogga-Oval-Since-2001-Svart.png?fit=5232%2C1519&ssl=1\",\"width\":5232,\"height\":1519,\"caption\":\"Neptron\"},\"image\":{\"@id\":\"https:\\\/\\\/neptron.se\\\/#\\\/schema\\\/logo\\\/image\\\/\"},\"sameAs\":[\"https:\\\/\\\/www.facebook.com\\\/neptronab\"]}]}<\/script>\n<!-- \/ Yoast SEO plugin. -->","yoast_head_json":{"title":"Kontakta oss - Neptron","robots":{"index":"index","follow":"follow","max-snippet":"max-snippet:-1","max-image-preview":"max-image-preview:large","max-video-preview":"max-video-preview:-1"},"canonical":"https:\/\/neptron.se\/es\/kontakta-oss\/","og_locale":"es_ES","og_type":"article","og_title":"Kontakta oss - Neptron","og_url":"https:\/\/neptron.se\/es\/kontakta-oss\/","og_site_name":"Neptron","article_publisher":"https:\/\/www.facebook.com\/neptronab","article_modified_time":"2024-03-22T12:26:33+00:00","twitter_card":"summary_large_image","schema":{"@context":"https:\/\/schema.org","@graph":[{"@type":"WebPage","@id":"https:\/\/neptron.se\/kontakta-oss\/","url":"https:\/\/neptron.se\/kontakta-oss\/","name":"Kontakta oss - Neptron","isPartOf":{"@id":"https:\/\/neptron.se\/#website"},"datePublished":"2019-11-07T10:10:49+00:00","dateModified":"2024-03-22T12:26:33+00:00","breadcrumb":{"@id":"https:\/\/neptron.se\/kontakta-oss\/#breadcrumb"},"inLanguage":"es","potentialAction":[{"@type":"ReadAction","target":["https:\/\/neptron.se\/kontakta-oss\/"]}]},{"@type":"BreadcrumbList","@id":"https:\/\/neptron.se\/kontakta-oss\/#breadcrumb","itemListElement":[{"@type":"ListItem","position":1,"name":"Hem","item":"https:\/\/neptron.se\/"},{"@type":"ListItem","position":2,"name":"Kontakta oss"}]},{"@type":"WebSite","@id":"https:\/\/neptron.se\/#website","url":"https:\/\/neptron.se\/","name":"Neptron","description":"","publisher":{"@id":"https:\/\/neptron.se\/#organization"},"potentialAction":[{"@type":"SearchAction","target":{"@type":"EntryPoint","urlTemplate":"https:\/\/neptron.se\/?s={search_term_string}"},"query-input":{"@type":"PropertyValueSpecification","valueRequired":true,"valueName":"search_term_string"}}],"inLanguage":"es"},{"@type":"Organization","@id":"https:\/\/neptron.se\/#organization","name":"Neptron","url":"https:\/\/neptron.se\/","logo":{"@type":"ImageObject","inLanguage":"es","@id":"https:\/\/neptron.se\/#\/schema\/logo\/image\/","url":"https:\/\/i0.wp.com\/neptron.se\/wp-content\/uploads\/2023\/12\/Neptronlogga-Oval-Since-2001-Svart.png?fit=5232%2C1519&ssl=1","contentUrl":"https:\/\/i0.wp.com\/neptron.se\/wp-content\/uploads\/2023\/12\/Neptronlogga-Oval-Since-2001-Svart.png?fit=5232%2C1519&ssl=1","width":5232,"height":1519,"caption":"Neptron"},"image":{"@id":"https:\/\/neptron.se\/#\/schema\/logo\/image\/"},"sameAs":["https:\/\/www.facebook.com\/neptronab"]}]}},"jetpack_likes_enabled":false,"jetpack_sharing_enabled":false,"jetpack_shortlink":"https:\/\/wp.me\/Pbr9ha-Y","_links":{"self":[{"href":"https:\/\/neptron.se\/es\/wp-json\/wp\/v2\/pages\/60","targetHints":{"allow":["GET"]}}],"collection":[{"href":"https:\/\/neptron.se\/es\/wp-json\/wp\/v2\/pages"}],"about":[{"href":"https:\/\/neptron.se\/es\/wp-json\/wp\/v2\/types\/page"}],"author":[{"embeddable":true,"href":"https:\/\/neptron.se\/es\/wp-json\/wp\/v2\/users\/174690214"}],"replies":[{"embeddable":true,"href":"https:\/\/neptron.se\/es\/wp-json\/wp\/v2\/comments?post=60"}],"version-history":[{"count":13,"href":"https:\/\/neptron.se\/es\/wp-json\/wp\/v2\/pages\/60\/revisions"}],"predecessor-version":[{"id":2545,"href":"https:\/\/neptron.se\/es\/wp-json\/wp\/v2\/pages\/60\/revisions\/2545"}],"wp:attachment":[{"href":"https:\/\/neptron.se\/es\/wp-json\/wp\/v2\/media?parent=60"}],"wp:term":[{"taxonomy":"post_tag","embeddable":true,"href":"https:\/\/neptron.se\/es\/wp-json\/wp\/v2\/tags?post=60"}],"curies":[{"name":"wp","href":"https:\/\/api.w.org\/{rel}","templated":true}]}}