{"id":63,"date":"2019-11-07T11:10:55","date_gmt":"2019-11-07T10:10:55","guid":{"rendered":"https:\/\/neptron.se\/?page_id=63"},"modified":"2023-12-21T13:13:42","modified_gmt":"2023-12-21T12:13:42","slug":"nummerlappar","status":"publish","type":"page","link":"https:\/\/neptron.se\/es\/nummerlappar\/","title":{"rendered":"Dorsales de Competencia"},"content":{"rendered":"<p class=\"wp-block-paragraph\">Beh\u00f6ver ni nummerlappar till loppet? Vi har ett brett utbud av storlekar och material som g\u00f6r att vi kan anpassa nummerlapparna efter era \u00f6nskem\u00e5l. Nummerlapparna kan bland annat s\u00e4ttas p\u00e5 cykelstyret, br\u00f6stet, ryggen, benet eller armen. De kan f\u00e4stas med klister, s\u00e4kerhetsn\u00e5lar eller f\u00e4stband. Har du en aktivitet som kr\u00e4ver extra slitstarkt material har du kommit r\u00e4tt. V\u00e5ra specialmaterial t\u00e5l b\u00e5de v\u00e4ta, v\u00e4der och vind. Kom till oss med en f\u00e4rdig design eller be oss om hj\u00e4lp.<\/p>\n\n\n\n<div style=\"height:56px\" aria-hidden=\"true\" class=\"wp-block-spacer\"><\/div>\n\n\n\n<div class=\"wp-block-jetpack-tiled-gallery aligncenter is-style-columns\"><div class=\"tiled-gallery__gallery\"><div class=\"tiled-gallery__row\"><div class=\"tiled-gallery__col\" style=\"flex-basis:20.71700%\"><figure class=\"tiled-gallery__item\"><img decoding=\"async\" data-attachment-id=\"131\" data-permalink=\"https:\/\/neptron.se\/es\/nummerlappar\/bauhausgalan-sensum-2019-standard-23x21cm\/\" data-orig-file=\"https:\/\/i0.wp.com\/neptron.se\/wp-content\/uploads\/2019\/11\/bauhausgalan-sensum-2019-standard-23x21cm.png?fit=1812%2C1654&amp;ssl=1\" data-orig-size=\"1812,1654\" data-comments-opened=\"1\" data-image-meta=\"{&quot;aperture&quot;:&quot;0&quot;,&quot;credit&quot;:&quot;&quot;,&quot;camera&quot;:&quot;&quot;,&quot;caption&quot;:&quot;&quot;,&quot;created_timestamp&quot;:&quot;0&quot;,&quot;copyright&quot;:&quot;&quot;,&quot;focal_length&quot;:&quot;0&quot;,&quot;iso&quot;:&quot;0&quot;,&quot;shutter_speed&quot;:&quot;0&quot;,&quot;title&quot;:&quot;&quot;,&quot;orientation&quot;:&quot;0&quot;}\" data-image-title=\"Bauhausgalan+ SENSUM 2019 Standard 23x21cm\" data-image-description=\"\" data-image-caption=\"\" data-large-file=\"https:\/\/i0.wp.com\/neptron.se\/wp-content\/uploads\/2019\/11\/bauhausgalan-sensum-2019-standard-23x21cm.png?fit=870%2C794&amp;ssl=1\" role=\"button\" tabindex=\"0\" aria-label=\"Abrir la imagen 1 de 5 en pantalla completa\" srcset=\"https:\/\/i2.wp.com\/neptron.se\/wp-content\/uploads\/2019\/11\/bauhausgalan-sensum-2019-standard-23x21cm.png?strip=info&#038;w=600&#038;ssl=1 600w,https:\/\/i2.wp.com\/neptron.se\/wp-content\/uploads\/2019\/11\/bauhausgalan-sensum-2019-standard-23x21cm.png?strip=info&#038;w=900&#038;ssl=1 900w,https:\/\/i2.wp.com\/neptron.se\/wp-content\/uploads\/2019\/11\/bauhausgalan-sensum-2019-standard-23x21cm.png?strip=info&#038;w=1200&#038;ssl=1 1200w,https:\/\/i2.wp.com\/neptron.se\/wp-content\/uploads\/2019\/11\/bauhausgalan-sensum-2019-standard-23x21cm.png?strip=info&#038;w=1500&#038;ssl=1 1500w,https:\/\/i2.wp.com\/neptron.se\/wp-content\/uploads\/2019\/11\/bauhausgalan-sensum-2019-standard-23x21cm.png?strip=info&#038;w=1800&#038;ssl=1 1800w,https:\/\/i2.wp.com\/neptron.se\/wp-content\/uploads\/2019\/11\/bauhausgalan-sensum-2019-standard-23x21cm.png?strip=info&#038;w=1812&#038;ssl=1 1812w\" alt=\"\" data-height=\"1654\" data-id=\"131\" data-link=\"https:\/\/neptron.se\/nummerlappar\/bauhausgalan-sensum-2019-standard-23x21cm\/\" data-url=\"https:\/\/neptron.se\/wp-content\/uploads\/2019\/11\/bauhausgalan-sensum-2019-standard-23x21cm.png\" data-width=\"1812\" src=\"https:\/\/i2.wp.com\/neptron.se\/wp-content\/uploads\/2019\/11\/bauhausgalan-sensum-2019-standard-23x21cm.png?ssl=1\" data-amp-layout=\"responsive\"\/><\/figure><\/div><div class=\"tiled-gallery__col\" style=\"flex-basis:20.72213%\"><figure class=\"tiled-gallery__item\"><img decoding=\"async\" data-attachment-id=\"492\" data-permalink=\"https:\/\/neptron.se\/es\/nummerlappar\/roslagsmarchen\/\" data-orig-file=\"https:\/\/i0.wp.com\/neptron.se\/wp-content\/uploads\/2020\/07\/roslagsmarchen.jpg?fit=652%2C595&amp;ssl=1\" data-orig-size=\"652,595\" data-comments-opened=\"1\" data-image-meta=\"{&quot;aperture&quot;:&quot;0&quot;,&quot;credit&quot;:&quot;&quot;,&quot;camera&quot;:&quot;&quot;,&quot;caption&quot;:&quot;&quot;,&quot;created_timestamp&quot;:&quot;0&quot;,&quot;copyright&quot;:&quot;&quot;,&quot;focal_length&quot;:&quot;0&quot;,&quot;iso&quot;:&quot;0&quot;,&quot;shutter_speed&quot;:&quot;0&quot;,&quot;title&quot;:&quot;&quot;,&quot;orientation&quot;:&quot;0&quot;}\" data-image-title=\"roslagsmarchen\" data-image-description=\"\" data-image-caption=\"\" data-large-file=\"https:\/\/i0.wp.com\/neptron.se\/wp-content\/uploads\/2020\/07\/roslagsmarchen.jpg?fit=652%2C595&amp;ssl=1\" role=\"button\" tabindex=\"0\" aria-label=\"Abrir la imagen 2 de 5 en pantalla completa\" srcset=\"https:\/\/i2.wp.com\/neptron.se\/wp-content\/uploads\/2020\/07\/roslagsmarchen.jpg?strip=info&#038;w=600&#038;ssl=1 600w,https:\/\/i2.wp.com\/neptron.se\/wp-content\/uploads\/2020\/07\/roslagsmarchen.jpg?strip=info&#038;w=652&#038;ssl=1 652w\" alt=\"\" data-height=\"595\" data-id=\"492\" data-link=\"https:\/\/neptron.se\/nummerlappar\/roslagsmarchen\/\" data-url=\"https:\/\/neptron.se\/wp-content\/uploads\/2020\/07\/roslagsmarchen.jpg\" data-width=\"652\" src=\"https:\/\/i2.wp.com\/neptron.se\/wp-content\/uploads\/2020\/07\/roslagsmarchen.jpg?ssl=1\" data-amp-layout=\"responsive\"\/><\/figure><\/div><div class=\"tiled-gallery__col\" style=\"flex-basis:17.27566%\"><figure class=\"tiled-gallery__item\"><img decoding=\"async\" data-attachment-id=\"132\" data-permalink=\"https:\/\/neptron.se\/es\/nummerlappar\/bib1\/\" data-orig-file=\"https:\/\/i0.wp.com\/neptron.se\/wp-content\/uploads\/2019\/11\/bib1.png?fit=1654%2C1812&amp;ssl=1\" data-orig-size=\"1654,1812\" data-comments-opened=\"1\" data-image-meta=\"{&quot;aperture&quot;:&quot;0&quot;,&quot;credit&quot;:&quot;&quot;,&quot;camera&quot;:&quot;&quot;,&quot;caption&quot;:&quot;&quot;,&quot;created_timestamp&quot;:&quot;0&quot;,&quot;copyright&quot;:&quot;&quot;,&quot;focal_length&quot;:&quot;0&quot;,&quot;iso&quot;:&quot;0&quot;,&quot;shutter_speed&quot;:&quot;0&quot;,&quot;title&quot;:&quot;&quot;,&quot;orientation&quot;:&quot;0&quot;}\" data-image-title=\"bib1\" data-image-description=\"\" data-image-caption=\"\" data-large-file=\"https:\/\/i0.wp.com\/neptron.se\/wp-content\/uploads\/2019\/11\/bib1.png?fit=870%2C953&amp;ssl=1\" role=\"button\" tabindex=\"0\" aria-label=\"Abrir la imagen 3 de 5 en pantalla completa\" srcset=\"https:\/\/i1.wp.com\/neptron.se\/wp-content\/uploads\/2019\/11\/bib1.png?strip=info&#038;w=600&#038;ssl=1 600w,https:\/\/i1.wp.com\/neptron.se\/wp-content\/uploads\/2019\/11\/bib1.png?strip=info&#038;w=900&#038;ssl=1 900w,https:\/\/i1.wp.com\/neptron.se\/wp-content\/uploads\/2019\/11\/bib1.png?strip=info&#038;w=1200&#038;ssl=1 1200w,https:\/\/i1.wp.com\/neptron.se\/wp-content\/uploads\/2019\/11\/bib1.png?strip=info&#038;w=1500&#038;ssl=1 1500w,https:\/\/i1.wp.com\/neptron.se\/wp-content\/uploads\/2019\/11\/bib1.png?strip=info&#038;w=1654&#038;ssl=1 1654w\" alt=\"\" data-height=\"1812\" data-id=\"132\" data-link=\"https:\/\/neptron.se\/nummerlappar\/bib1\/\" data-url=\"https:\/\/neptron.se\/wp-content\/uploads\/2019\/11\/bib1.png\" data-width=\"1654\" src=\"https:\/\/i1.wp.com\/neptron.se\/wp-content\/uploads\/2019\/11\/bib1.png?ssl=1\" data-amp-layout=\"responsive\"\/><\/figure><\/div><div class=\"tiled-gallery__col\" style=\"flex-basis:20.64210%\"><figure class=\"tiled-gallery__item\"><img decoding=\"async\" data-attachment-id=\"335\" data-permalink=\"https:\/\/neptron.se\/es\/nummerlappar\/finansloppet\/\" data-orig-file=\"https:\/\/i0.wp.com\/neptron.se\/wp-content\/uploads\/2020\/02\/finansloppet.jpg?fit=620%2C568&amp;ssl=1\" data-orig-size=\"620,568\" data-comments-opened=\"1\" data-image-meta=\"{&quot;aperture&quot;:&quot;0&quot;,&quot;credit&quot;:&quot;&quot;,&quot;camera&quot;:&quot;&quot;,&quot;caption&quot;:&quot;&quot;,&quot;created_timestamp&quot;:&quot;0&quot;,&quot;copyright&quot;:&quot;&quot;,&quot;focal_length&quot;:&quot;0&quot;,&quot;iso&quot;:&quot;0&quot;,&quot;shutter_speed&quot;:&quot;0&quot;,&quot;title&quot;:&quot;&quot;,&quot;orientation&quot;:&quot;0&quot;}\" data-image-title=\"Finansloppet\" data-image-description=\"\" data-image-caption=\"\" data-large-file=\"https:\/\/i0.wp.com\/neptron.se\/wp-content\/uploads\/2020\/02\/finansloppet.jpg?fit=620%2C568&amp;ssl=1\" role=\"button\" tabindex=\"0\" aria-label=\"Abrir la imagen 4 de 5 en pantalla completa\" srcset=\"https:\/\/i2.wp.com\/neptron.se\/wp-content\/uploads\/2020\/02\/finansloppet.jpg?strip=info&#038;w=600&#038;ssl=1 600w,https:\/\/i2.wp.com\/neptron.se\/wp-content\/uploads\/2020\/02\/finansloppet.jpg?strip=info&#038;w=620&#038;ssl=1 620w\" alt=\"\" data-height=\"568\" data-id=\"335\" data-link=\"https:\/\/neptron.se\/nummerlappar\/finansloppet\/\" data-url=\"https:\/\/neptron.se\/wp-content\/uploads\/2020\/02\/finansloppet.jpg\" data-width=\"620\" src=\"https:\/\/i2.wp.com\/neptron.se\/wp-content\/uploads\/2020\/02\/finansloppet.jpg?ssl=1\" data-amp-layout=\"responsive\"\/><\/figure><\/div><div class=\"tiled-gallery__col\" style=\"flex-basis:20.64311%\"><figure class=\"tiled-gallery__item\"><img decoding=\"async\" data-attachment-id=\"135\" data-permalink=\"https:\/\/neptron.se\/es\/nummerlappar\/jattelangt-2018-standard-23x21\/\" data-orig-file=\"https:\/\/i0.wp.com\/neptron.se\/wp-content\/uploads\/2019\/11\/jc3a4ttelc3a5ngt-2018-standard-23x21.png?fit=2717%2C2489&amp;ssl=1\" data-orig-size=\"2717,2489\" data-comments-opened=\"1\" data-image-meta=\"{&quot;aperture&quot;:&quot;0&quot;,&quot;credit&quot;:&quot;&quot;,&quot;camera&quot;:&quot;&quot;,&quot;caption&quot;:&quot;&quot;,&quot;created_timestamp&quot;:&quot;0&quot;,&quot;copyright&quot;:&quot;&quot;,&quot;focal_length&quot;:&quot;0&quot;,&quot;iso&quot;:&quot;0&quot;,&quot;shutter_speed&quot;:&quot;0&quot;,&quot;title&quot;:&quot;&quot;,&quot;orientation&quot;:&quot;0&quot;}\" data-image-title=\"J\u00e4ttel\u00e5ngt 2018 standard 23&amp;#215;21\" data-image-description=\"\" data-image-caption=\"\" data-large-file=\"https:\/\/i0.wp.com\/neptron.se\/wp-content\/uploads\/2019\/11\/jc3a4ttelc3a5ngt-2018-standard-23x21.png?fit=870%2C797&amp;ssl=1\" role=\"button\" tabindex=\"0\" aria-label=\"Abrir la imagen 5 de 5 en pantalla completa\" srcset=\"https:\/\/i1.wp.com\/neptron.se\/wp-content\/uploads\/2019\/11\/jc3a4ttelc3a5ngt-2018-standard-23x21.png?strip=info&#038;w=600&#038;ssl=1 600w,https:\/\/i1.wp.com\/neptron.se\/wp-content\/uploads\/2019\/11\/jc3a4ttelc3a5ngt-2018-standard-23x21.png?strip=info&#038;w=900&#038;ssl=1 900w,https:\/\/i1.wp.com\/neptron.se\/wp-content\/uploads\/2019\/11\/jc3a4ttelc3a5ngt-2018-standard-23x21.png?strip=info&#038;w=1200&#038;ssl=1 1200w,https:\/\/i1.wp.com\/neptron.se\/wp-content\/uploads\/2019\/11\/jc3a4ttelc3a5ngt-2018-standard-23x21.png?strip=info&#038;w=1500&#038;ssl=1 1500w,https:\/\/i1.wp.com\/neptron.se\/wp-content\/uploads\/2019\/11\/jc3a4ttelc3a5ngt-2018-standard-23x21.png?strip=info&#038;w=1800&#038;ssl=1 1800w,https:\/\/i1.wp.com\/neptron.se\/wp-content\/uploads\/2019\/11\/jc3a4ttelc3a5ngt-2018-standard-23x21.png?strip=info&#038;w=2000&#038;ssl=1 2000w\" alt=\"\" data-height=\"2489\" data-id=\"135\" data-link=\"https:\/\/neptron.se\/nummerlappar\/jattelangt-2018-standard-23x21\/\" data-url=\"https:\/\/neptron.se\/wp-content\/uploads\/2019\/11\/jc3a4ttelc3a5ngt-2018-standard-23x21.png\" data-width=\"2717\" src=\"https:\/\/i1.wp.com\/neptron.se\/wp-content\/uploads\/2019\/11\/jc3a4ttelc3a5ngt-2018-standard-23x21.png?ssl=1\" data-amp-layout=\"responsive\"\/><\/figure><\/div><\/div><\/div><\/div>\n\n\n\n<div style=\"height:43px\" aria-hidden=\"true\" class=\"wp-block-spacer\"><\/div>\n\n\n\n<div class=\"wp-block-columns is-layout-flex wp-container-core-columns-is-layout-8f761849 wp-block-columns-is-layout-flex\">\n<div class=\"wp-block-column is-layout-flow wp-block-column-is-layout-flow\">\n<p class=\"has-text-align-center has-background wp-block-paragraph\" style=\"background-color:#c9d6e0\"><strong>Elige tama\u00f1o y tipo de papel<\/strong><\/p>\n\n\n\n<ul class=\"wp-block-list\">\n<li>4- f\u00e4rgstryck.<\/li>\n\n\n\n<li>Imprime tus patrocinadores en el dorsal<\/li>\n\n\n\n<li>Olika material och storlekar.<\/li>\n\n\n\n<li>F\u00e4st din nummerlapp med klister, s\u00e4kerhetsn\u00e5lar eller f\u00e4stband.<\/li>\n<\/ul>\n<\/div>\n\n\n\n<div class=\"wp-block-column is-layout-flow wp-block-column-is-layout-flow\">\n<p class=\"has-text-align-center has-text-color has-background wp-block-paragraph\" style=\"color:#131212;background-color:#b78d8d\"><strong>Personaliza tu dorsal<\/strong><\/p>\n\n\n\n<ul class=\"wp-block-list\">\n<li>V\u00e4lj dina egna nummerserier.<\/li>\n\n\n\n<li>F\u00e5 namn tryckt p\u00e5 nummerlappen.<\/li>\n\n\n\n<li>Ge dina klasser en varsin f\u00e4rg som underl\u00e4ttar f\u00f6r funktion\u00e4rerna ute p\u00e5 banan och en eventuell speaker.<\/li>\n\n\n\n<li>Ge dina deltagare ett snyggt startkuvert med loggor och namn. <\/li>\n<\/ul>\n<\/div>\n\n\n\n<div class=\"wp-block-column is-layout-flow wp-block-column-is-layout-flow\">\n<p class=\"has-text-align-center has-very-light-gray-background-color has-background wp-block-paragraph\"><strong>Con nuestro sistema de cronometraje<\/strong><\/p>\n\n\n\n<ul class=\"wp-block-list\">\n<li>Erbjud dina deltagare en v\u00e4sk-etikett f\u00f6r att underl\u00e4tta en v\u00e4skinl\u00e4mning.<\/li>\n\n\n\n<li>Har du v\u00e4skinl\u00e4mning eller matbiljett? &#8211; En perforering \u00e4r m\u00f6jlig att riva av fr\u00e5n nummerlappen.<\/li>\n\n\n\n<li>Vid tidtagning hos oss, f\u00e4sts tidtagningschippet p\u00e5 nummerlappen f\u00f6r att underl\u00e4tta utdelningen. <\/li>\n<\/ul>\n<\/div>\n<\/div>\n\n\n\n<div style=\"height:35px\" aria-hidden=\"true\" class=\"wp-block-spacer\"><\/div>\n\n\n\n<h2 class=\"wp-block-heading has-text-align-center\">Tambien Obtienes...<\/h2>\n\n\n\n<div style=\"height:46px\" aria-hidden=\"true\" class=\"wp-block-spacer\"><\/div>\n\n\n\n<div class=\"wp-block-columns is-layout-flex wp-container-core-columns-is-layout-8f761849 wp-block-columns-is-layout-flex\">\n<div class=\"wp-block-column is-layout-flow wp-block-column-is-layout-flow\">\n<ul class=\"wp-block-list\">\n<li>Si tienes tu propio dise\u00f1o, \u00a1lo imprimimos para ti!<\/li>\n<\/ul>\n\n\n\n<div style=\"height:20px\" aria-hidden=\"true\" class=\"wp-block-spacer\"><\/div>\n\n\n\n<ul class=\"wp-block-list\">\n<li>Si tienes los logos pero no ideas, te presentamos una propuesta de dise\u00f1o y posteriormente con tus sugerencias, elaboramos el dise\u00f1o ideal para tu carrera<\/li>\n<\/ul>\n<\/div>\n\n\n\n<div class=\"wp-block-column is-layout-flow wp-block-column-is-layout-flow\">\n<ul class=\"wp-block-list\">\n<li>Si tienes muchas categor\u00edas de competencia, puedes seleccionar inicios de series diferentes para cada una de ellas, asi como colores para identificarlas.<\/li>\n<\/ul>\n\n\n\n<div style=\"height:20px\" aria-hidden=\"true\" class=\"wp-block-spacer\"><\/div>\n\n\n\n<ul class=\"wp-block-list\">\n<li>Si vendes camisetas y los participantes tienen dificultades para recordar qu\u00e9 camiseta pidieron, podemos imprimir en el dorsal la informaci\u00f3n respectiva de la compra para facilitar la recogida.<\/li>\n<\/ul>\n<\/div>\n<\/div>\n\n\n\n<div style=\"height:100px\" aria-hidden=\"true\" class=\"wp-block-spacer\"><\/div>\n\n\n\n<hr class=\"wp-block-separator has-css-opacity is-style-wide\"\/>\n\n\n\n<div style=\"height:20px\" aria-hidden=\"true\" class=\"wp-block-spacer\"><\/div>\n\n\n\n<h2 class=\"wp-block-heading has-text-align-center\">\u00a1Hagamos juntos tu carrera!<\/h2>\n\n\n\n<div style=\"height:20px\" aria-hidden=\"true\" class=\"wp-block-spacer\"><\/div>\n\n\n<div class=\"wp-block-button aligncenter is-style-fill\" style=\"text-align: center;\"><a class=\"wp-block-button__link has-text-color has-background has-hazy-dawn-gradient-background\" style=\"color: #4f4747;\" href=\"https:\/\/neptron.se\/es\/kontakta-oss\/\">CONTACTANOS<\/a><\/div>\n\n\n<div style=\"height:20px\" aria-hidden=\"true\" class=\"wp-block-spacer\"><\/div>\n\n\n\n<hr class=\"wp-block-separator has-css-opacity is-style-wide\"\/>","protected":false},"excerpt":{"rendered":"<p>Beh\u00f6ver ni nummerlappar till loppet? Vi har ett brett utbud av storlekar och material som g\u00f6r att vi kan anpassa nummerlapparna efter era \u00f6nskem\u00e5l. Nummerlapparna kan bland annat s\u00e4ttas p\u00e5 cykelstyret, br\u00f6stet, ryggen, benet eller armen. De kan f\u00e4stas med klister, s\u00e4kerhetsn\u00e5lar eller f\u00e4stband. Har du en aktivitet som kr\u00e4ver extra slitstarkt material har du<a class=\"more-link\" href=\"https:\/\/neptron.se\/es\/nummerlappar\/\">Seguir leyendo <span class=\"screen-reader-text\">Dorsales de Competencia<\/span> <span class=\"meta-nav\" aria-hidden=\"true\">&rarr;<\/span><\/a><\/p>","protected":false},"author":174690214,"featured_media":0,"parent":0,"menu_order":0,"comment_status":"closed","ping_status":"closed","template":"","meta":{"_coblocks_attr":"","_coblocks_dimensions":"","_coblocks_responsive_height":"","_coblocks_accordion_ie_support":"","_crdt_document":"","footnotes":""},"tags":[],"class_list":["post-63","page","type-page","status-publish","hentry"],"yoast_head":"<!-- This site is optimized with the Yoast SEO plugin v27.4 - https:\/\/yoast.com\/product\/yoast-seo-wordpress\/ -->\n<title>Nummerlappar - Neptron<\/title>\n<meta name=\"robots\" content=\"index, follow, max-snippet:-1, max-image-preview:large, max-video-preview:-1\" \/>\n<link rel=\"canonical\" href=\"https:\/\/neptron.se\/es\/nummerlappar\/\" \/>\n<meta property=\"og:locale\" content=\"es_ES\" \/>\n<meta property=\"og:type\" content=\"article\" \/>\n<meta property=\"og:title\" content=\"Nummerlappar - Neptron\" \/>\n<meta property=\"og:description\" content=\"Beh\u00f6ver ni nummerlappar till loppet? Vi har ett brett utbud av storlekar och material som g\u00f6r att vi kan anpassa nummerlapparna efter era \u00f6nskem\u00e5l. Nummerlapparna kan bland annat s\u00e4ttas p\u00e5 cykelstyret, br\u00f6stet, ryggen, benet eller armen. De kan f\u00e4stas med klister, s\u00e4kerhetsn\u00e5lar eller f\u00e4stband. Har du en aktivitet som kr\u00e4ver extra slitstarkt material har duSeguir leyendo Nummerlappar &rarr;\" \/>\n<meta property=\"og:url\" content=\"https:\/\/neptron.se\/es\/nummerlappar\/\" \/>\n<meta property=\"og:site_name\" content=\"Neptron\" \/>\n<meta property=\"article:publisher\" content=\"https:\/\/www.facebook.com\/neptronab\" \/>\n<meta property=\"article:modified_time\" content=\"2023-12-21T12:13:42+00:00\" \/>\n<meta property=\"og:image\" content=\"https:\/\/i2.wp.com\/neptron.se\/wp-content\/uploads\/2019\/11\/bauhausgalan-sensum-2019-standard-23x21cm.png?ssl=1\" \/>\n<meta name=\"twitter:card\" content=\"summary_large_image\" \/>\n<meta name=\"twitter:label1\" content=\"Tiempo de lectura\" \/>\n\t<meta name=\"twitter:data1\" content=\"2 minutos\" \/>\n<script type=\"application\/ld+json\" class=\"yoast-schema-graph\">{\"@context\":\"https:\\\/\\\/schema.org\",\"@graph\":[{\"@type\":\"WebPage\",\"@id\":\"https:\\\/\\\/neptron.se\\\/nummerlappar\\\/\",\"url\":\"https:\\\/\\\/neptron.se\\\/nummerlappar\\\/\",\"name\":\"Nummerlappar - Neptron\",\"isPartOf\":{\"@id\":\"https:\\\/\\\/neptron.se\\\/#website\"},\"primaryImageOfPage\":{\"@id\":\"https:\\\/\\\/neptron.se\\\/nummerlappar\\\/#primaryimage\"},\"image\":{\"@id\":\"https:\\\/\\\/neptron.se\\\/nummerlappar\\\/#primaryimage\"},\"thumbnailUrl\":\"https:\\\/\\\/i2.wp.com\\\/neptron.se\\\/wp-content\\\/uploads\\\/2019\\\/11\\\/bauhausgalan-sensum-2019-standard-23x21cm.png?ssl=1\",\"datePublished\":\"2019-11-07T10:10:55+00:00\",\"dateModified\":\"2023-12-21T12:13:42+00:00\",\"breadcrumb\":{\"@id\":\"https:\\\/\\\/neptron.se\\\/nummerlappar\\\/#breadcrumb\"},\"inLanguage\":\"es\",\"potentialAction\":[{\"@type\":\"ReadAction\",\"target\":[\"https:\\\/\\\/neptron.se\\\/nummerlappar\\\/\"]}]},{\"@type\":\"ImageObject\",\"inLanguage\":\"es\",\"@id\":\"https:\\\/\\\/neptron.se\\\/nummerlappar\\\/#primaryimage\",\"url\":\"https:\\\/\\\/i2.wp.com\\\/neptron.se\\\/wp-content\\\/uploads\\\/2019\\\/11\\\/bauhausgalan-sensum-2019-standard-23x21cm.png?ssl=1\",\"contentUrl\":\"https:\\\/\\\/i2.wp.com\\\/neptron.se\\\/wp-content\\\/uploads\\\/2019\\\/11\\\/bauhausgalan-sensum-2019-standard-23x21cm.png?ssl=1\"},{\"@type\":\"BreadcrumbList\",\"@id\":\"https:\\\/\\\/neptron.se\\\/nummerlappar\\\/#breadcrumb\",\"itemListElement\":[{\"@type\":\"ListItem\",\"position\":1,\"name\":\"Hem\",\"item\":\"https:\\\/\\\/neptron.se\\\/\"},{\"@type\":\"ListItem\",\"position\":2,\"name\":\"Nummerlappar\"}]},{\"@type\":\"WebSite\",\"@id\":\"https:\\\/\\\/neptron.se\\\/#website\",\"url\":\"https:\\\/\\\/neptron.se\\\/\",\"name\":\"Neptron\",\"description\":\"\",\"publisher\":{\"@id\":\"https:\\\/\\\/neptron.se\\\/#organization\"},\"potentialAction\":[{\"@type\":\"SearchAction\",\"target\":{\"@type\":\"EntryPoint\",\"urlTemplate\":\"https:\\\/\\\/neptron.se\\\/?s={search_term_string}\"},\"query-input\":{\"@type\":\"PropertyValueSpecification\",\"valueRequired\":true,\"valueName\":\"search_term_string\"}}],\"inLanguage\":\"es\"},{\"@type\":\"Organization\",\"@id\":\"https:\\\/\\\/neptron.se\\\/#organization\",\"name\":\"Neptron\",\"url\":\"https:\\\/\\\/neptron.se\\\/\",\"logo\":{\"@type\":\"ImageObject\",\"inLanguage\":\"es\",\"@id\":\"https:\\\/\\\/neptron.se\\\/#\\\/schema\\\/logo\\\/image\\\/\",\"url\":\"https:\\\/\\\/i0.wp.com\\\/neptron.se\\\/wp-content\\\/uploads\\\/2023\\\/12\\\/Neptronlogga-Oval-Since-2001-Svart.png?fit=5232%2C1519&ssl=1\",\"contentUrl\":\"https:\\\/\\\/i0.wp.com\\\/neptron.se\\\/wp-content\\\/uploads\\\/2023\\\/12\\\/Neptronlogga-Oval-Since-2001-Svart.png?fit=5232%2C1519&ssl=1\",\"width\":5232,\"height\":1519,\"caption\":\"Neptron\"},\"image\":{\"@id\":\"https:\\\/\\\/neptron.se\\\/#\\\/schema\\\/logo\\\/image\\\/\"},\"sameAs\":[\"https:\\\/\\\/www.facebook.com\\\/neptronab\"]}]}<\/script>\n<!-- \/ Yoast SEO plugin. -->","yoast_head_json":{"title":"Nummerlappar - Neptron","robots":{"index":"index","follow":"follow","max-snippet":"max-snippet:-1","max-image-preview":"max-image-preview:large","max-video-preview":"max-video-preview:-1"},"canonical":"https:\/\/neptron.se\/es\/nummerlappar\/","og_locale":"es_ES","og_type":"article","og_title":"Nummerlappar - Neptron","og_description":"Beh\u00f6ver ni nummerlappar till loppet? Vi har ett brett utbud av storlekar och material som g\u00f6r att vi kan anpassa nummerlapparna efter era \u00f6nskem\u00e5l. Nummerlapparna kan bland annat s\u00e4ttas p\u00e5 cykelstyret, br\u00f6stet, ryggen, benet eller armen. De kan f\u00e4stas med klister, s\u00e4kerhetsn\u00e5lar eller f\u00e4stband. Har du en aktivitet som kr\u00e4ver extra slitstarkt material har duSeguir leyendo Nummerlappar &rarr;","og_url":"https:\/\/neptron.se\/es\/nummerlappar\/","og_site_name":"Neptron","article_publisher":"https:\/\/www.facebook.com\/neptronab","article_modified_time":"2023-12-21T12:13:42+00:00","og_image":[{"url":"https:\/\/i2.wp.com\/neptron.se\/wp-content\/uploads\/2019\/11\/bauhausgalan-sensum-2019-standard-23x21cm.png?ssl=1","type":"","width":"","height":""}],"twitter_card":"summary_large_image","twitter_misc":{"Tiempo de lectura":"2 minutos"},"schema":{"@context":"https:\/\/schema.org","@graph":[{"@type":"WebPage","@id":"https:\/\/neptron.se\/nummerlappar\/","url":"https:\/\/neptron.se\/nummerlappar\/","name":"Nummerlappar - Neptron","isPartOf":{"@id":"https:\/\/neptron.se\/#website"},"primaryImageOfPage":{"@id":"https:\/\/neptron.se\/nummerlappar\/#primaryimage"},"image":{"@id":"https:\/\/neptron.se\/nummerlappar\/#primaryimage"},"thumbnailUrl":"https:\/\/i2.wp.com\/neptron.se\/wp-content\/uploads\/2019\/11\/bauhausgalan-sensum-2019-standard-23x21cm.png?ssl=1","datePublished":"2019-11-07T10:10:55+00:00","dateModified":"2023-12-21T12:13:42+00:00","breadcrumb":{"@id":"https:\/\/neptron.se\/nummerlappar\/#breadcrumb"},"inLanguage":"es","potentialAction":[{"@type":"ReadAction","target":["https:\/\/neptron.se\/nummerlappar\/"]}]},{"@type":"ImageObject","inLanguage":"es","@id":"https:\/\/neptron.se\/nummerlappar\/#primaryimage","url":"https:\/\/i2.wp.com\/neptron.se\/wp-content\/uploads\/2019\/11\/bauhausgalan-sensum-2019-standard-23x21cm.png?ssl=1","contentUrl":"https:\/\/i2.wp.com\/neptron.se\/wp-content\/uploads\/2019\/11\/bauhausgalan-sensum-2019-standard-23x21cm.png?ssl=1"},{"@type":"BreadcrumbList","@id":"https:\/\/neptron.se\/nummerlappar\/#breadcrumb","itemListElement":[{"@type":"ListItem","position":1,"name":"Hem","item":"https:\/\/neptron.se\/"},{"@type":"ListItem","position":2,"name":"Nummerlappar"}]},{"@type":"WebSite","@id":"https:\/\/neptron.se\/#website","url":"https:\/\/neptron.se\/","name":"Neptron","description":"","publisher":{"@id":"https:\/\/neptron.se\/#organization"},"potentialAction":[{"@type":"SearchAction","target":{"@type":"EntryPoint","urlTemplate":"https:\/\/neptron.se\/?s={search_term_string}"},"query-input":{"@type":"PropertyValueSpecification","valueRequired":true,"valueName":"search_term_string"}}],"inLanguage":"es"},{"@type":"Organization","@id":"https:\/\/neptron.se\/#organization","name":"Neptron","url":"https:\/\/neptron.se\/","logo":{"@type":"ImageObject","inLanguage":"es","@id":"https:\/\/neptron.se\/#\/schema\/logo\/image\/","url":"https:\/\/i0.wp.com\/neptron.se\/wp-content\/uploads\/2023\/12\/Neptronlogga-Oval-Since-2001-Svart.png?fit=5232%2C1519&ssl=1","contentUrl":"https:\/\/i0.wp.com\/neptron.se\/wp-content\/uploads\/2023\/12\/Neptronlogga-Oval-Since-2001-Svart.png?fit=5232%2C1519&ssl=1","width":5232,"height":1519,"caption":"Neptron"},"image":{"@id":"https:\/\/neptron.se\/#\/schema\/logo\/image\/"},"sameAs":["https:\/\/www.facebook.com\/neptronab"]}]}},"jetpack_likes_enabled":false,"jetpack_sharing_enabled":false,"jetpack_shortlink":"https:\/\/wp.me\/Pbr9ha-11","_links":{"self":[{"href":"https:\/\/neptron.se\/es\/wp-json\/wp\/v2\/pages\/63","targetHints":{"allow":["GET"]}}],"collection":[{"href":"https:\/\/neptron.se\/es\/wp-json\/wp\/v2\/pages"}],"about":[{"href":"https:\/\/neptron.se\/es\/wp-json\/wp\/v2\/types\/page"}],"author":[{"embeddable":true,"href":"https:\/\/neptron.se\/es\/wp-json\/wp\/v2\/users\/174690214"}],"replies":[{"embeddable":true,"href":"https:\/\/neptron.se\/es\/wp-json\/wp\/v2\/comments?post=63"}],"version-history":[{"count":27,"href":"https:\/\/neptron.se\/es\/wp-json\/wp\/v2\/pages\/63\/revisions"}],"predecessor-version":[{"id":12054,"href":"https:\/\/neptron.se\/es\/wp-json\/wp\/v2\/pages\/63\/revisions\/12054"}],"wp:attachment":[{"href":"https:\/\/neptron.se\/es\/wp-json\/wp\/v2\/media?parent=63"}],"wp:term":[{"taxonomy":"post_tag","embeddable":true,"href":"https:\/\/neptron.se\/es\/wp-json\/wp\/v2\/tags?post=63"}],"curies":[{"name":"wp","href":"https:\/\/api.w.org\/{rel}","templated":true}]}}